{"id":223,"date":"2019-09-26T12:43:37","date_gmt":"2019-09-26T12:43:37","guid":{"rendered":"http:\/\/3.98.31.124\/?page_id=223"},"modified":"2024-10-08T18:49:05","modified_gmt":"2024-10-08T18:49:05","slug":"nos-chats","status":"publish","type":"page","link":"http:\/\/3.98.31.124\/en\/nos-chats\/","title":{"rendered":"Our Cats"},"content":{"rendered":"<div data-elementor-type=\"wp-page\" data-elementor-id=\"223\" class=\"elementor elementor-223\" data-elementor-settings=\"[]\">\n\t\t\t\t\t\t<div class=\"elementor-inner\">\n\t\t\t\t\t\t\t<div class=\"elementor-section-wrap\">\n\t\t\t\t\t\t\t<section class=\"elementor-section elementor-top-section elementor-element elementor-element-3501dc11 animated-fast elementor-section-boxed elementor-section-height-default elementor-section-height-default elementor-invisible\" data-id=\"3501dc11\" data-element_type=\"section\" data-settings=\"{&quot;animation&quot;:&quot;fadeIn&quot;}\">\n\t\t\t\t\t\t<div class=\"elementor-container elementor-column-gap-no\">\n\t\t\t\t\t\t\t<div class=\"elementor-row\">\n\t\t\t\t\t<div class=\"elementor-column elementor-col-100 elementor-top-column elementor-element elementor-element-14be16c\" data-id=\"14be16c\" data-element_type=\"column\" data-settings=\"{&quot;background_background&quot;:&quot;classic&quot;}\">\n\t\t\t<div class=\"elementor-column-wrap elementor-element-populated\">\n\t\t\t\t\t<div class=\"elementor-background-overlay\"><\/div>\n\t\t\t\t\t\t\t<div class=\"elementor-widget-wrap\">\n\t\t\t\t\t\t<div class=\"elementor-element elementor-element-19b5dfb6 animated-fast elementor-invisible elementor-widget elementor-widget-heading\" data-id=\"19b5dfb6\" data-element_type=\"widget\" data-settings=\"{&quot;_animation&quot;:&quot;fadeInUp&quot;,&quot;_animation_delay&quot;:100}\" data-widget_type=\"heading.default\">\n\t\t\t\t<div class=\"elementor-widget-container\">\n\t\t\t<h1 class=\"elementor-heading-title elementor-size-default\">Nos chats <\/h1>\t\t<\/div>\n\t\t\t\t<\/div>\n\t\t\t\t<div class=\"elementor-element elementor-element-35ce590b animated-fast elementor-invisible elementor-widget elementor-widget-heading\" data-id=\"35ce590b\" data-element_type=\"widget\" data-settings=\"{&quot;_animation&quot;:&quot;fadeInUp&quot;,&quot;_animation_delay&quot;:200}\" data-widget_type=\"heading.default\">\n\t\t\t\t<div class=\"elementor-widget-container\">\n\t\t\t<h3 class=\"elementor-heading-title elementor-size-default\">Nos priorit\u00e9s : la sant\u00e9 et le temp\u00e9rament<\/h3>\t\t<\/div>\n\t\t\t\t<\/div>\n\t\t\t\t<div class=\"elementor-element elementor-element-a3acadc animated-fast elementor-invisible elementor-widget elementor-widget-image\" data-id=\"a3acadc\" data-element_type=\"widget\" data-settings=\"{&quot;_animation&quot;:&quot;fadeInUp&quot;,&quot;_animation_delay&quot;:300}\" data-widget_type=\"image.default\">\n\t\t\t\t<div class=\"elementor-widget-container\">\n\t\t\t\t\t\t\t\t<div class=\"elementor-image\">\n\t\t\t\t\t\t\t\t\t\t\t\t<img src=\"http:\/\/3.98.31.124\/wp-content\/uploads\/2019\/09\/divider_03.svg\" class=\"attachment-full size-full\" alt=\"\" loading=\"lazy\" \/>\t\t\t\t\t\t\t\t\t\t\t\t\t\t<\/div>\n\t\t\t\t\t\t<\/div>\n\t\t\t\t<\/div>\n\t\t\t\t\t\t<\/div>\n\t\t\t\t\t<\/div>\n\t\t<\/div>\n\t\t\t\t\t\t\t\t<\/div>\n\t\t\t\t\t<\/div>\n\t\t<\/section>\n\t\t\t\t<section class=\"elementor-section elementor-top-section elementor-element elementor-element-36509ecf elementor-section-boxed elementor-section-height-default elementor-section-height-default\" data-id=\"36509ecf\" data-element_type=\"section\">\n\t\t\t\t\t\t<div class=\"elementor-container elementor-column-gap-no\">\n\t\t\t\t\t\t\t<div class=\"elementor-row\">\n\t\t\t\t\t<div class=\"elementor-column elementor-col-100 elementor-top-column elementor-element elementor-element-2bdc33e6\" data-id=\"2bdc33e6\" data-element_type=\"column\">\n\t\t\t<div class=\"elementor-column-wrap elementor-element-populated\">\n\t\t\t\t\t\t\t<div class=\"elementor-widget-wrap\">\n\t\t\t\t\t\t<div class=\"elementor-element elementor-element-4394efa7 animated-fast elementor-invisible elementor-widget elementor-widget-heading\" data-id=\"4394efa7\" data-element_type=\"widget\" data-settings=\"{&quot;_animation&quot;:&quot;fadeInUp&quot;}\" data-widget_type=\"heading.default\">\n\t\t\t\t<div class=\"elementor-widget-container\">\n\t\t\t<h3 class=\"elementor-heading-title elementor-size-default\">En premier, nos m\u00e2les<\/h3>\t\t<\/div>\n\t\t\t\t<\/div>\n\t\t\t\t<div class=\"elementor-element elementor-element-3e740572 animated-fast elementor-invisible elementor-widget elementor-widget-text-editor\" data-id=\"3e740572\" data-element_type=\"widget\" data-settings=\"{&quot;_animation&quot;:&quot;fadeInUp&quot;,&quot;_animation_delay&quot;:100}\" data-widget_type=\"text-editor.default\">\n\t\t\t\t<div class=\"elementor-widget-container\">\n\t\t\t\t\t\t\t\t<div class=\"elementor-text-editor elementor-clearfix\">\n\t\t\t\t\t\t\t\t\t<\/div>\n\t\t\t\t\t\t<\/div>\n\t\t\t\t<\/div>\n\t\t\t\t<section class=\"elementor-section elementor-inner-section elementor-element elementor-element-671a49ce animated-fast elementor-section-boxed elementor-section-height-default elementor-section-height-default elementor-invisible\" data-id=\"671a49ce\" data-element_type=\"section\" data-settings=\"{&quot;animation&quot;:&quot;fadeInUp&quot;,&quot;animation_delay&quot;:200}\">\n\t\t\t\t\t\t<div class=\"elementor-container elementor-column-gap-default\">\n\t\t\t\t\t\t\t<div class=\"elementor-row\">\n\t\t\t\t\t<div class=\"elementor-column elementor-col-50 elementor-inner-column elementor-element elementor-element-2b205a07 animated-fast elementor-invisible\" data-id=\"2b205a07\" data-element_type=\"column\" data-settings=\"{&quot;animation&quot;:&quot;zoomIn&quot;,&quot;animation_delay&quot;:200}\">\n\t\t\t<div class=\"elementor-column-wrap elementor-element-populated\">\n\t\t\t\t\t\t\t<div class=\"elementor-widget-wrap\">\n\t\t\t\t\t\t<div class=\"elementor-element elementor-element-7175312c elementor-widget elementor-widget-shortcode\" data-id=\"7175312c\" data-element_type=\"widget\" data-widget_type=\"shortcode.default\">\n\t\t\t\t<div class=\"elementor-widget-container\">\n\t\t\t\t\t<div class=\"elementor-shortcode\"><article class=\"dawg-info-box elementor-post elementor-grid-item post-2161 dawg type-dawg status-publish has-post-thumbnail hentry\">\r\n\t<div class=\"elementor-post__card\">\r\n\t\t<a class=\"elementor-post__thumbnail__link\" href=\"http:\/\/greatgatsby.ca\/?post_type=dawg&#038;p=2161\">\r\n\t\t\t<div class=\"elementor-post__thumbnail\">\r\n\t\t\t\t<img src=\"http:\/\/3.98.31.124\/wp-content\/uploads\/2021\/09\/AA6DB917-548E-4925-BD95-33350396368B-900x900.jpeg\" class=\"attachment-full size-full\" alt=\"Country Gulliver's Xanthus Class\">\r\n\t\t\t<\/div>\r\n\t\t\t<div class=\"elementor-post__text\">\r\n\t\t\t\t<span class=\"elementor-post__title\">Xander, <\/span>\r\n\t\t\t\t<span class=\"dawg--sex\">male<\/span>\r\n\t\t\t<\/div>\r\n\t\t<\/a>\r\n\t<\/div>\r\n<\/article><\/div>\n\t\t\t\t<\/div>\n\t\t\t\t<\/div>\n\t\t\t\t\t\t<\/div>\n\t\t\t\t\t<\/div>\n\t\t<\/div>\n\t\t\t\t<div class=\"elementor-column elementor-col-50 elementor-inner-column elementor-element elementor-element-194c5a5a animated-fast elementor-invisible\" data-id=\"194c5a5a\" data-element_type=\"column\" data-settings=\"{&quot;animation&quot;:&quot;zoomIn&quot;,&quot;animation_delay&quot;:300}\">\n\t\t\t<div class=\"elementor-column-wrap elementor-element-populated\">\n\t\t\t\t\t\t\t<div class=\"elementor-widget-wrap\">\n\t\t\t\t\t\t<div class=\"elementor-element elementor-element-74e87dbc elementor-widget elementor-widget-shortcode\" data-id=\"74e87dbc\" data-element_type=\"widget\" data-widget_type=\"shortcode.default\">\n\t\t\t\t<div class=\"elementor-widget-container\">\n\t\t\t\t\t<div class=\"elementor-shortcode\"><article class=\"dawg-info-box elementor-post elementor-grid-item post-2195 dawg type-dawg status-publish has-post-thumbnail hentry\">\r\n\t<div class=\"elementor-post__card\">\r\n\t\t<a class=\"elementor-post__thumbnail__link\" href=\"http:\/\/greatgatsby.ca\/?post_type=dawg&#038;p=2195\">\r\n\t\t\t<div class=\"elementor-post__thumbnail\">\r\n\t\t\t\t<img src=\"http:\/\/3.98.31.124\/wp-content\/uploads\/2021\/09\/05491B97-675C-4380-830F-45AC38E305D8-900x900.jpeg\" class=\"attachment-full size-full\" alt=\"Charles Akella Leader\">\r\n\t\t\t<\/div>\r\n\t\t\t<div class=\"elementor-post__text\">\r\n\t\t\t\t<span class=\"elementor-post__title\">Charlie, <\/span>\r\n\t\t\t\t<span class=\"dawg--sex\">male<\/span>\r\n\t\t\t<\/div>\r\n\t\t<\/a>\r\n\t<\/div>\r\n<\/article><\/div>\n\t\t\t\t<\/div>\n\t\t\t\t<\/div>\n\t\t\t\t\t\t<\/div>\n\t\t\t\t\t<\/div>\n\t\t<\/div>\n\t\t\t\t\t\t\t\t<\/div>\n\t\t\t\t\t<\/div>\n\t\t<\/section>\n\t\t\t\t<section class=\"elementor-section elementor-inner-section elementor-element elementor-element-7933a80f animated-fast elementor-section-boxed elementor-section-height-default elementor-section-height-default elementor-invisible\" data-id=\"7933a80f\" data-element_type=\"section\" data-settings=\"{&quot;animation&quot;:&quot;fadeInUp&quot;,&quot;animation_delay&quot;:300}\">\n\t\t\t\t\t\t<div class=\"elementor-container elementor-column-gap-default\">\n\t\t\t\t\t\t\t<div class=\"elementor-row\">\n\t\t\t\t\t<div class=\"elementor-column elementor-col-50 elementor-inner-column elementor-element elementor-element-c909dc1 animated-fast elementor-invisible\" data-id=\"c909dc1\" data-element_type=\"column\" data-settings=\"{&quot;animation&quot;:&quot;zoomIn&quot;,&quot;animation_delay&quot;:400}\">\n\t\t\t<div class=\"elementor-column-wrap\">\n\t\t\t\t\t\t\t<div class=\"elementor-widget-wrap\">\n\t\t\t\t\t\t\t\t<\/div>\n\t\t\t\t\t<\/div>\n\t\t<\/div>\n\t\t\t\t<div class=\"elementor-column elementor-col-50 elementor-inner-column elementor-element elementor-element-3080ffd2 animated-fast elementor-invisible\" data-id=\"3080ffd2\" data-element_type=\"column\" data-settings=\"{&quot;animation&quot;:&quot;zoomIn&quot;,&quot;animation_delay&quot;:500}\">\n\t\t\t<div class=\"elementor-column-wrap\">\n\t\t\t\t\t\t\t<div class=\"elementor-widget-wrap\">\n\t\t\t\t\t\t\t\t<\/div>\n\t\t\t\t\t<\/div>\n\t\t<\/div>\n\t\t\t\t\t\t\t\t<\/div>\n\t\t\t\t\t<\/div>\n\t\t<\/section>\n\t\t\t\t\t\t<\/div>\n\t\t\t\t\t<\/div>\n\t\t<\/div>\n\t\t\t\t\t\t\t\t<\/div>\n\t\t\t\t\t<\/div>\n\t\t<\/section>\n\t\t\t\t<section class=\"elementor-section elementor-top-section elementor-element elementor-element-269f36ae elementor-section-boxed elementor-section-height-default elementor-section-height-default\" data-id=\"269f36ae\" data-element_type=\"section\">\n\t\t\t\t\t\t<div class=\"elementor-container elementor-column-gap-no\">\n\t\t\t\t\t\t\t<div class=\"elementor-row\">\n\t\t\t\t\t<div class=\"elementor-column elementor-col-100 elementor-top-column elementor-element elementor-element-332bfdaf\" data-id=\"332bfdaf\" data-element_type=\"column\">\n\t\t\t<div class=\"elementor-column-wrap elementor-element-populated\">\n\t\t\t\t\t\t\t<div class=\"elementor-widget-wrap\">\n\t\t\t\t\t\t<div class=\"elementor-element elementor-element-3c8b2879 animated-fast elementor-invisible elementor-widget elementor-widget-heading\" data-id=\"3c8b2879\" data-element_type=\"widget\" data-settings=\"{&quot;_animation&quot;:&quot;fadeInUp&quot;}\" data-widget_type=\"heading.default\">\n\t\t\t\t<div class=\"elementor-widget-container\">\n\t\t\t<h3 class=\"elementor-heading-title elementor-size-default\">Les filles <\/h3>\t\t<\/div>\n\t\t\t\t<\/div>\n\t\t\t\t<div class=\"elementor-element elementor-element-f2bc8f3 animated-fast elementor-invisible elementor-widget elementor-widget-text-editor\" data-id=\"f2bc8f3\" data-element_type=\"widget\" data-settings=\"{&quot;_animation&quot;:&quot;fadeInUp&quot;,&quot;_animation_delay&quot;:100}\" data-widget_type=\"text-editor.default\">\n\t\t\t\t<div class=\"elementor-widget-container\">\n\t\t\t\t\t\t\t\t<div class=\"elementor-text-editor elementor-clearfix\">\n\t\t\t\t\t\t\t\t\t<\/div>\n\t\t\t\t\t\t<\/div>\n\t\t\t\t<\/div>\n\t\t\t\t<section class=\"elementor-section elementor-inner-section elementor-element elementor-element-aab6e5a elementor-section-boxed elementor-section-height-default elementor-section-height-default\" data-id=\"aab6e5a\" data-element_type=\"section\">\n\t\t\t\t\t\t<div class=\"elementor-container elementor-column-gap-default\">\n\t\t\t\t\t\t\t<div class=\"elementor-row\">\n\t\t\t\t\t<div class=\"elementor-column elementor-col-50 elementor-inner-column elementor-element elementor-element-c719569\" data-id=\"c719569\" data-element_type=\"column\">\n\t\t\t<div class=\"elementor-column-wrap elementor-element-populated\">\n\t\t\t\t\t\t\t<div class=\"elementor-widget-wrap\">\n\t\t\t\t\t\t<div class=\"elementor-element elementor-element-1a99420d elementor-widget elementor-widget-shortcode\" data-id=\"1a99420d\" data-element_type=\"widget\" data-widget_type=\"shortcode.default\">\n\t\t\t\t<div class=\"elementor-widget-container\">\n\t\t\t\t\t<div class=\"elementor-shortcode\"><article class=\"dawg-info-box elementor-post elementor-grid-item post-2168 dawg type-dawg status-publish has-post-thumbnail hentry\">\r\n\t<div class=\"elementor-post__card\">\r\n\t\t<a class=\"elementor-post__thumbnail__link\" href=\"http:\/\/3.98.31.124\/en\/?post_type=dawg&#038;p=2168\">\r\n\t\t\t<div class=\"elementor-post__thumbnail\">\r\n\t\t\t\t<img src=\"http:\/\/3.98.31.124\/wp-content\/uploads\/2021\/09\/4B162F15-BA54-4735-B443-374254336D9A-900x900.jpeg\" class=\"attachment-full size-full\" alt=\"Tri-D Ksenya\">\r\n\t\t\t<\/div>\r\n\t\t\t<div class=\"elementor-post__text\">\r\n\t\t\t\t<span class=\"elementor-post__title\">Ksenya, <\/span>\r\n\t\t\t\t<span class=\"dawg--sex\">female<\/span>\r\n\t\t\t<\/div>\r\n\t\t<\/a>\r\n\t<\/div>\r\n<\/article><\/div>\n\t\t\t\t<\/div>\n\t\t\t\t<\/div>\n\t\t\t\t\t\t<\/div>\n\t\t\t\t\t<\/div>\n\t\t<\/div>\n\t\t\t\t<div class=\"elementor-column elementor-col-50 elementor-inner-column elementor-element elementor-element-425a865\" data-id=\"425a865\" data-element_type=\"column\">\n\t\t\t<div class=\"elementor-column-wrap elementor-element-populated\">\n\t\t\t\t\t\t\t<div class=\"elementor-widget-wrap\">\n\t\t\t\t\t\t<div class=\"elementor-element elementor-element-6d9471f5 elementor-widget elementor-widget-shortcode\" data-id=\"6d9471f5\" data-element_type=\"widget\" data-widget_type=\"shortcode.default\">\n\t\t\t\t<div class=\"elementor-widget-container\">\n\t\t\t\t\t<div class=\"elementor-shortcode\"><article class=\"dawg-info-box elementor-post elementor-grid-item post-2178 dawg type-dawg status-publish has-post-thumbnail hentry\">\r\n\t<div class=\"elementor-post__card\">\r\n\t\t<a class=\"elementor-post__thumbnail__link\" href=\"http:\/\/greatgatsby.ca\/?post_type=dawg&#038;p=2178\">\r\n\t\t\t<div class=\"elementor-post__thumbnail\">\r\n\t\t\t\t<img src=\"http:\/\/3.98.31.124\/wp-content\/uploads\/2024\/09\/71854FEE-E27F-4B26-8639-AAF5B58F34F8-900x900.jpeg\" class=\"attachment-full size-full\" alt=\"GreatGatsby Endless Love\">\r\n\t\t\t<\/div>\r\n\t\t\t<div class=\"elementor-post__text\">\r\n\t\t\t\t<span class=\"elementor-post__title\">Brook, <\/span>\r\n\t\t\t\t<span class=\"dawg--sex\">female<\/span>\r\n\t\t\t<\/div>\r\n\t\t<\/a>\r\n\t<\/div>\r\n<\/article><\/div>\n\t\t\t\t<\/div>\n\t\t\t\t<\/div>\n\t\t\t\t\t\t<\/div>\n\t\t\t\t\t<\/div>\n\t\t<\/div>\n\t\t\t\t\t\t\t\t<\/div>\n\t\t\t\t\t<\/div>\n\t\t<\/section>\n\t\t\t\t<section class=\"elementor-section elementor-inner-section elementor-element elementor-element-22be6e75 animated-fast elementor-section-boxed elementor-section-height-default elementor-section-height-default elementor-invisible\" data-id=\"22be6e75\" data-element_type=\"section\" data-settings=\"{&quot;animation&quot;:&quot;fadeInUp&quot;,&quot;animation_delay&quot;:200}\">\n\t\t\t\t\t\t<div class=\"elementor-container elementor-column-gap-default\">\n\t\t\t\t\t\t\t<div class=\"elementor-row\">\n\t\t\t\t\t<div class=\"elementor-column elementor-col-50 elementor-inner-column elementor-element elementor-element-1d2d53f8 animated-fast elementor-invisible\" data-id=\"1d2d53f8\" data-element_type=\"column\" data-settings=\"{&quot;animation&quot;:&quot;zoomIn&quot;,&quot;animation_delay&quot;:200}\">\n\t\t\t<div class=\"elementor-column-wrap elementor-element-populated\">\n\t\t\t\t\t\t\t<div class=\"elementor-widget-wrap\">\n\t\t\t\t\t\t<div class=\"elementor-element elementor-element-19d554b elementor-widget elementor-widget-shortcode\" data-id=\"19d554b\" data-element_type=\"widget\" data-widget_type=\"shortcode.default\">\n\t\t\t\t<div class=\"elementor-widget-container\">\n\t\t\t\t\t<div class=\"elementor-shortcode\"><article class=\"dawg-info-box elementor-post elementor-grid-item post-2290 dawg type-dawg status-publish has-post-thumbnail hentry\">\r\n\t<div class=\"elementor-post__card\">\r\n\t\t<a class=\"elementor-post__thumbnail__link\" href=\"http:\/\/greatgatsby.ca\/?post_type=dawg&#038;p=2290\">\r\n\t\t\t<div class=\"elementor-post__thumbnail\">\r\n\t\t\t\t<img src=\"http:\/\/3.98.31.124\/wp-content\/uploads\/2024\/09\/F30A1C3B-4E4B-401F-88FE-3C826C400BED-900x900.jpeg\" class=\"attachment-full size-full\" alt=\"GreatGatsby Sparks Fly Out\">\r\n\t\t\t<\/div>\r\n\t\t\t<div class=\"elementor-post__text\">\r\n\t\t\t\t<span class=\"elementor-post__title\">Sookie, <\/span>\r\n\t\t\t\t<span class=\"dawg--sex\">female<\/span>\r\n\t\t\t<\/div>\r\n\t\t<\/a>\r\n\t<\/div>\r\n<\/article><\/div>\n\t\t\t\t<\/div>\n\t\t\t\t<\/div>\n\t\t\t\t\t\t<\/div>\n\t\t\t\t\t<\/div>\n\t\t<\/div>\n\t\t\t\t<div class=\"elementor-column elementor-col-50 elementor-inner-column elementor-element elementor-element-e31449c animated-fast elementor-invisible\" data-id=\"e31449c\" data-element_type=\"column\" data-settings=\"{&quot;animation&quot;:&quot;zoomIn&quot;,&quot;animation_delay&quot;:300}\">\n\t\t\t<div class=\"elementor-column-wrap elementor-element-populated\">\n\t\t\t\t\t\t\t<div class=\"elementor-widget-wrap\">\n\t\t\t\t\t\t<div class=\"elementor-element elementor-element-0ceb607 elementor-widget elementor-widget-shortcode\" data-id=\"0ceb607\" data-element_type=\"widget\" data-widget_type=\"shortcode.default\">\n\t\t\t\t<div class=\"elementor-widget-container\">\n\t\t\t\t\t<div class=\"elementor-shortcode\"><article class=\"dawg-info-box elementor-post elementor-grid-item post-2458 dawg type-dawg status-publish has-post-thumbnail hentry\">\r\n\t<div class=\"elementor-post__card\">\r\n\t\t<a class=\"elementor-post__thumbnail__link\" href=\"http:\/\/greatgatsby.ca\/?post_type=dawg&#038;p=2458\">\r\n\t\t\t<div class=\"elementor-post__thumbnail\">\r\n\t\t\t\t<img src=\"http:\/\/3.98.31.124\/wp-content\/uploads\/2024\/10\/335FB8BB-A62E-4FD3-A473-6C80993874B3-900x900.jpeg\" class=\"attachment-full size-full\" alt=\"GreatGatsby Grand Duchess\">\r\n\t\t\t<\/div>\r\n\t\t\t<div class=\"elementor-post__text\">\r\n\t\t\t\t<span class=\"elementor-post__title\">Charlotte, <\/span>\r\n\t\t\t\t<span class=\"dawg--sex\">female<\/span>\r\n\t\t\t<\/div>\r\n\t\t<\/a>\r\n\t<\/div>\r\n<\/article><\/div>\n\t\t\t\t<\/div>\n\t\t\t\t<\/div>\n\t\t\t\t\t\t<\/div>\n\t\t\t\t\t<\/div>\n\t\t<\/div>\n\t\t\t\t\t\t\t\t<\/div>\n\t\t\t\t\t<\/div>\n\t\t<\/section>\n\t\t\t\t<section class=\"elementor-section elementor-inner-section elementor-element elementor-element-530bed3 animated-fast elementor-section-boxed elementor-section-height-default elementor-section-height-default elementor-invisible\" data-id=\"530bed3\" data-element_type=\"section\" data-settings=\"{&quot;animation&quot;:&quot;fadeInUp&quot;,&quot;animation_delay&quot;:200}\">\n\t\t\t\t\t\t<div class=\"elementor-container elementor-column-gap-default\">\n\t\t\t\t\t\t\t<div class=\"elementor-row\">\n\t\t\t\t\t<div class=\"elementor-column elementor-col-50 elementor-inner-column elementor-element elementor-element-15c82ad animated-fast elementor-invisible\" data-id=\"15c82ad\" data-element_type=\"column\" data-settings=\"{&quot;animation&quot;:&quot;zoomIn&quot;,&quot;animation_delay&quot;:200}\">\n\t\t\t<div class=\"elementor-column-wrap elementor-element-populated\">\n\t\t\t\t\t\t\t<div class=\"elementor-widget-wrap\">\n\t\t\t\t\t\t<div class=\"elementor-element elementor-element-2dcb43b elementor-widget elementor-widget-shortcode\" data-id=\"2dcb43b\" data-element_type=\"widget\" data-widget_type=\"shortcode.default\">\n\t\t\t\t<div class=\"elementor-widget-container\">\n\t\t\t\t\t<div class=\"elementor-shortcode\"><article class=\"dawg-info-box elementor-post elementor-grid-item post-2442 dawg type-dawg status-publish has-post-thumbnail hentry\">\r\n\t<div class=\"elementor-post__card\">\r\n\t\t<a class=\"elementor-post__thumbnail__link\" href=\"http:\/\/greatgatsby.ca\/?post_type=dawg&#038;p=2442\">\r\n\t\t\t<div class=\"elementor-post__thumbnail\">\r\n\t\t\t\t<img src=\"http:\/\/3.98.31.124\/wp-content\/uploads\/2019\/09\/67CA9B5F-886E-425F-B295-DCCABBDE204D-900x900.jpeg\" class=\"attachment-full size-full\" alt=\"Yaota StarArk\">\r\n\t\t\t<\/div>\r\n\t\t\t<div class=\"elementor-post__text\">\r\n\t\t\t\t<span class=\"elementor-post__title\">Lolita, <\/span>\r\n\t\t\t\t<span class=\"dawg--sex\">female<\/span>\r\n\t\t\t<\/div>\r\n\t\t<\/a>\r\n\t<\/div>\r\n<\/article><\/div>\n\t\t\t\t<\/div>\n\t\t\t\t<\/div>\n\t\t\t\t\t\t<\/div>\n\t\t\t\t\t<\/div>\n\t\t<\/div>\n\t\t\t\t<div class=\"elementor-column elementor-col-50 elementor-inner-column elementor-element elementor-element-a6b3a86 animated-fast elementor-invisible\" data-id=\"a6b3a86\" data-element_type=\"column\" data-settings=\"{&quot;animation&quot;:&quot;zoomIn&quot;,&quot;animation_delay&quot;:300}\">\n\t\t\t<div class=\"elementor-column-wrap elementor-element-populated\">\n\t\t\t\t\t\t\t<div class=\"elementor-widget-wrap\">\n\t\t\t\t\t\t<div class=\"elementor-element elementor-element-83ea818 elementor-widget elementor-widget-shortcode\" data-id=\"83ea818\" data-element_type=\"widget\" data-widget_type=\"shortcode.default\">\n\t\t\t\t<div class=\"elementor-widget-container\">\n\t\t\t\t\t<div class=\"elementor-shortcode\"><article class=\"dawg-info-box elementor-post elementor-grid-item post-2433 dawg type-dawg status-publish has-post-thumbnail hentry\">\r\n\t<div class=\"elementor-post__card\">\r\n\t\t<a class=\"elementor-post__thumbnail__link\" href=\"http:\/\/greatgatsby.ca\/?post_type=dawg&#038;p=2433\">\r\n\t\t\t<div class=\"elementor-post__thumbnail\">\r\n\t\t\t\t<img src=\"http:\/\/3.98.31.124\/wp-content\/uploads\/2019\/09\/E90BFC0F-7A8F-431B-8D95-A55A10761653-900x900.jpeg\" class=\"attachment-full size-full\" alt=\"Frida StarArk\">\r\n\t\t\t<\/div>\r\n\t\t\t<div class=\"elementor-post__text\">\r\n\t\t\t\t<span class=\"elementor-post__title\">Frida, <\/span>\r\n\t\t\t\t<span class=\"dawg--sex\">female<\/span>\r\n\t\t\t<\/div>\r\n\t\t<\/a>\r\n\t<\/div>\r\n<\/article><\/div>\n\t\t\t\t<\/div>\n\t\t\t\t<\/div>\n\t\t\t\t\t\t<\/div>\n\t\t\t\t\t<\/div>\n\t\t<\/div>\n\t\t\t\t\t\t\t\t<\/div>\n\t\t\t\t\t<\/div>\n\t\t<\/section>\n\t\t\t\t<section class=\"elementor-section elementor-inner-section elementor-element elementor-element-a8db187 animated-fast elementor-section-boxed elementor-section-height-default elementor-section-height-default elementor-invisible\" data-id=\"a8db187\" data-element_type=\"section\" data-settings=\"{&quot;animation&quot;:&quot;fadeInUp&quot;,&quot;animation_delay&quot;:200}\">\n\t\t\t\t\t\t<div class=\"elementor-container elementor-column-gap-default\">\n\t\t\t\t\t\t\t<div class=\"elementor-row\">\n\t\t\t\t\t<div class=\"elementor-column elementor-col-50 elementor-inner-column elementor-element elementor-element-0d7988c animated-fast elementor-invisible\" data-id=\"0d7988c\" data-element_type=\"column\" data-settings=\"{&quot;animation&quot;:&quot;zoomIn&quot;,&quot;animation_delay&quot;:200}\">\n\t\t\t<div class=\"elementor-column-wrap elementor-element-populated\">\n\t\t\t\t\t\t\t<div class=\"elementor-widget-wrap\">\n\t\t\t\t\t\t<div class=\"elementor-element elementor-element-59aef8f elementor-widget elementor-widget-shortcode\" data-id=\"59aef8f\" data-element_type=\"widget\" data-widget_type=\"shortcode.default\">\n\t\t\t\t<div class=\"elementor-widget-container\">\n\t\t\t\t\t<div class=\"elementor-shortcode\"><article class=\"dawg-info-box elementor-post elementor-grid-item post-2420 dawg type-dawg status-publish has-post-thumbnail hentry\">\r\n\t<div class=\"elementor-post__card\">\r\n\t\t<a class=\"elementor-post__thumbnail__link\" href=\"http:\/\/greatgatsby.ca\/?post_type=dawg&#038;p=2420\">\r\n\t\t\t<div class=\"elementor-post__thumbnail\">\r\n\t\t\t\t<img src=\"http:\/\/3.98.31.124\/wp-content\/uploads\/2019\/09\/E3600FE7-6F88-4874-9F49-E36029928660-769x900.jpeg\" class=\"attachment-full size-full\" alt=\"StarletPet Anastasia\">\r\n\t\t\t<\/div>\r\n\t\t\t<div class=\"elementor-post__text\">\r\n\t\t\t\t<span class=\"elementor-post__title\">Anastasia, <\/span>\r\n\t\t\t\t<span class=\"dawg--sex\">female<\/span>\r\n\t\t\t<\/div>\r\n\t\t<\/a>\r\n\t<\/div>\r\n<\/article><\/div>\n\t\t\t\t<\/div>\n\t\t\t\t<\/div>\n\t\t\t\t\t\t<\/div>\n\t\t\t\t\t<\/div>\n\t\t<\/div>\n\t\t\t\t<div class=\"elementor-column elementor-col-50 elementor-inner-column elementor-element elementor-element-772987d animated-fast elementor-invisible\" data-id=\"772987d\" data-element_type=\"column\" data-settings=\"{&quot;animation&quot;:&quot;zoomIn&quot;,&quot;animation_delay&quot;:300}\">\n\t\t\t<div class=\"elementor-column-wrap\">\n\t\t\t\t\t\t\t<div class=\"elementor-widget-wrap\">\n\t\t\t\t\t\t\t\t<\/div>\n\t\t\t\t\t<\/div>\n\t\t<\/div>\n\t\t\t\t\t\t\t\t<\/div>\n\t\t\t\t\t<\/div>\n\t\t<\/section>\n\t\t\t\t\t\t<\/div>\n\t\t\t\t\t<\/div>\n\t\t<\/div>\n\t\t\t\t\t\t\t\t<\/div>\n\t\t\t\t\t<\/div>\n\t\t<\/section>\n\t\t\t\t\t\t<\/div>\n\t\t\t\t\t\t<\/div>\n\t\t\t\t\t<\/div>","protected":false},"excerpt":{"rendered":"<p class=\"excerpt\">Nos chats Nos priorit\u00e9s : la sant\u00e9 et le temp\u00e9rament En premier, nos m\u00e2les Les filles<\/p>","protected":false},"author":1,"featured_media":0,"parent":0,"menu_order":0,"comment_status":"closed","ping_status":"closed","template":"template-blank.php","meta":{"om_disable_all_campaigns":false,"_monsterinsights_skip_tracking":false,"_monsterinsights_sitenote_active":false,"_monsterinsights_sitenote_note":"","_monsterinsights_sitenote_category":0},"_links":{"self":[{"href":"http:\/\/3.98.31.124\/en\/wp-json\/wp\/v2\/pages\/223"}],"collection":[{"href":"http:\/\/3.98.31.124\/en\/wp-json\/wp\/v2\/pages"}],"about":[{"href":"http:\/\/3.98.31.124\/en\/wp-json\/wp\/v2\/types\/page"}],"author":[{"embeddable":true,"href":"http:\/\/3.98.31.124\/en\/wp-json\/wp\/v2\/users\/1"}],"replies":[{"embeddable":true,"href":"http:\/\/3.98.31.124\/en\/wp-json\/wp\/v2\/comments?post=223"}],"version-history":[{"count":22,"href":"http:\/\/3.98.31.124\/en\/wp-json\/wp\/v2\/pages\/223\/revisions"}],"predecessor-version":[{"id":2474,"href":"http:\/\/3.98.31.124\/en\/wp-json\/wp\/v2\/pages\/223\/revisions\/2474"}],"wp:attachment":[{"href":"http:\/\/3.98.31.124\/en\/wp-json\/wp\/v2\/media?parent=223"}],"curies":[{"name":"wp","href":"https:\/\/api.w.org\/{rel}","templated":true}]}}